{"id":2684,"date":"2024-08-16T14:47:15","date_gmt":"2024-08-16T14:47:15","guid":{"rendered":"https:\/\/www.esculturasanjose.com\/?post_type=product&#038;p=2684"},"modified":"2024-10-31T15:51:40","modified_gmt":"2024-10-31T15:51:40","slug":"12196-virgen-de-lourdes-our-lady-of-lourdes-100cm-39inch","status":"publish","type":"product","link":"http:\/\/www.esculturasanjose.com\/en\/product\/12196-virgen-de-lourdes-our-lady-of-lourdes-100cm-39inch\/","title":{"rendered":"Virgen de Lourdes \u2013 Our Lady Of Lourdes 100cm 39inch"},"content":{"rendered":"<p><strong>\u2022\u00a0DETALLE Y CALIDAD:<\/strong>\u00a0Solo lo mejor en t\u00e9rminos de calidad, nuestras figuras son realizadas teniendo mucho cuidado en los gustos y detalles de las expresiones faciales y el colorido. Cada pieza est\u00e1 pintada a mano hasta el m\u00e1s m\u00ednimo detalle.<\/p>\n<p><strong>\u2022 MATERIALES:<\/strong>\u00a0Hechas con una mezcla de resina poli\u00e9ster, nuestras esculturas de m\u00e1s de 60cm son laminadas, lo que las hace lo suficientemente livianas para transportarlas y exhibirlas f\u00e1cilmente, pero est\u00e1n hechas para ser fuertes y duraderas. Las im\u00e1genes peque\u00f1as son fundidas rellenas. Cada uno est\u00e1 pintado a mano con pintura fina a base de oleo.<\/p>","protected":false},"excerpt":{"rendered":"<p>CM 100<\/p>\n<p>INCH 39<\/p>\n<p>COD 12196<\/p>\n<p>Informaci\u00f3n: +593 98 919 6231<\/p>","protected":false},"featured_media":2685,"comment_status":"open","ping_status":"closed","template":"","meta":{"_joinchat":[]},"product_cat":[53],"product_tag":[133,92,79],"_links":{"self":[{"href":"http:\/\/www.esculturasanjose.com\/en\/wp-json\/wp\/v2\/product\/2684"}],"collection":[{"href":"http:\/\/www.esculturasanjose.com\/en\/wp-json\/wp\/v2\/product"}],"about":[{"href":"http:\/\/www.esculturasanjose.com\/en\/wp-json\/wp\/v2\/types\/product"}],"replies":[{"embeddable":true,"href":"http:\/\/www.esculturasanjose.com\/en\/wp-json\/wp\/v2\/comments?post=2684"}],"wp:featuredmedia":[{"embeddable":true,"href":"http:\/\/www.esculturasanjose.com\/en\/wp-json\/wp\/v2\/media\/2685"}],"wp:attachment":[{"href":"http:\/\/www.esculturasanjose.com\/en\/wp-json\/wp\/v2\/media?parent=2684"}],"wp:term":[{"taxonomy":"product_cat","embeddable":true,"href":"http:\/\/www.esculturasanjose.com\/en\/wp-json\/wp\/v2\/product_cat?post=2684"},{"taxonomy":"product_tag","embeddable":true,"href":"http:\/\/www.esculturasanjose.com\/en\/wp-json\/wp\/v2\/product_tag?post=2684"}],"curies":[{"name":"wp","href":"https:\/\/api.w.org\/{rel}","templated":true}]}}