{"id":3339,"date":"2025-06-04T17:58:00","date_gmt":"2025-06-04T17:58:00","guid":{"rendered":"http:\/\/www.esculturasanjose.com\/?post_type=product&#038;p=3339"},"modified":"2025-06-04T17:58:00","modified_gmt":"2025-06-04T17:58:00","slug":"cristo-crucifix-14-cm-28-cm-5-inch-11-inch","status":"publish","type":"product","link":"https:\/\/www.esculturasanjose.com\/en\/product\/cristo-crucifix-14-cm-28-cm-5-inch-11-inch\/","title":{"rendered":"Cristo &#8211; Crucifix 14 cm 28 cm 5 inch 11 inch"},"content":{"rendered":"<ul>\n<li><strong>DETALLE Y CALIDAD: <\/strong>Solo lo mejor en t\u00e9rminos de calidad, nuestras figuras son realizadas teniendo mucho cuidado en los gustos y detalles de las expresiones faciales y el colorido. Cada pieza est\u00e1 pintada a mano hasta el m\u00e1s m\u00ednimo detalle.<\/li>\n<li><strong>MATERIALES: <\/strong>Hechas con una mezcla de resina poli\u00e9ster, nuestras esculturas de m\u00e1s de 60cm son laminadas, lo que las hace lo suficientemente livianas para transportarlas y exhibirlas f\u00e1cilmente, pero est\u00e1n hechas para ser fuertes y duraderas. Las im\u00e1genes peque\u00f1as son fundidas rellenas. Cada uno est\u00e1 pintado a mano con pintura fina a base de oleo.<\/li>\n<\/ul>\n<p>&nbsp;<\/p>","protected":false},"excerpt":{"rendered":"<p>CM 14- 28<\/p>\n<p>INCH 5-11<\/p>\n<p>COD 0025<\/p>\n<p>Informaci\u00f3n: +593 98 919 6231<\/p>","protected":false},"featured_media":3341,"comment_status":"open","ping_status":"closed","template":"","meta":{"_joinchat":[]},"product_cat":[100],"product_tag":[66,72,117,116,71,79],"_links":{"self":[{"href":"https:\/\/www.esculturasanjose.com\/en\/wp-json\/wp\/v2\/product\/3339"}],"collection":[{"href":"https:\/\/www.esculturasanjose.com\/en\/wp-json\/wp\/v2\/product"}],"about":[{"href":"https:\/\/www.esculturasanjose.com\/en\/wp-json\/wp\/v2\/types\/product"}],"replies":[{"embeddable":true,"href":"https:\/\/www.esculturasanjose.com\/en\/wp-json\/wp\/v2\/comments?post=3339"}],"wp:featuredmedia":[{"embeddable":true,"href":"https:\/\/www.esculturasanjose.com\/en\/wp-json\/wp\/v2\/media\/3341"}],"wp:attachment":[{"href":"https:\/\/www.esculturasanjose.com\/en\/wp-json\/wp\/v2\/media?parent=3339"}],"wp:term":[{"taxonomy":"product_cat","embeddable":true,"href":"https:\/\/www.esculturasanjose.com\/en\/wp-json\/wp\/v2\/product_cat?post=3339"},{"taxonomy":"product_tag","embeddable":true,"href":"https:\/\/www.esculturasanjose.com\/en\/wp-json\/wp\/v2\/product_tag?post=3339"}],"curies":[{"name":"wp","href":"https:\/\/api.w.org\/{rel}","templated":true}]}}