{"id":4181,"date":"2025-06-24T14:47:21","date_gmt":"2025-06-24T14:47:21","guid":{"rendered":"https:\/\/www.esculturasanjose.com\/?post_type=product&#038;p=4181"},"modified":"2025-10-20T18:56:40","modified_gmt":"2025-10-20T18:56:40","slug":"santa-faz-holy-face-40cm-16inch","status":"publish","type":"product","link":"https:\/\/www.esculturasanjose.com\/en\/product\/santa-faz-holy-face-40cm-16inch\/","title":{"rendered":"Santa Faz &#8211; Holy Face 48cm 19inch"},"content":{"rendered":"<ul>\n<li><strong>DETALLE Y CALIDAD:<\/strong> Solo lo mejor en t\u00e9rminos de calidad, nuestras figuras son realizadas teniendo mucho cuidado en los gustos y detalles de las expresiones faciales y el colorido. Cada pieza est\u00e1 pintada a mano hasta el m\u00e1s m\u00ednimo detalle.<\/li>\n<li><strong> MATERIALES:<\/strong> Hechas con una mezcla de resina poli\u00e9ster, nuestras esculturas de m\u00e1s de 60cm son laminadas, lo que las hace lo suficientemente livianas para transportarlas y exhibirlas f\u00e1cilmente, pero est\u00e1n hechas para ser fuertes y duraderas. Las im\u00e1genes peque\u00f1as son fundidas rellenas. Cada uno est\u00e1 pintado a mano con pintura fina a base de oleo.<\/li>\n<\/ul>","protected":false},"excerpt":{"rendered":"<p>CM\u00a0 48<\/p>\n<p>INCH 19<\/p>\n<p>COD 07512<\/p>\n<p>Informaci\u00f3n: +593 98 919 6231<\/p>","protected":false},"featured_media":4183,"comment_status":"open","ping_status":"closed","template":"","meta":{"_joinchat":[]},"product_cat":[100],"product_tag":[150,151,66,72,117,116,92,71,79],"_links":{"self":[{"href":"https:\/\/www.esculturasanjose.com\/en\/wp-json\/wp\/v2\/product\/4181"}],"collection":[{"href":"https:\/\/www.esculturasanjose.com\/en\/wp-json\/wp\/v2\/product"}],"about":[{"href":"https:\/\/www.esculturasanjose.com\/en\/wp-json\/wp\/v2\/types\/product"}],"replies":[{"embeddable":true,"href":"https:\/\/www.esculturasanjose.com\/en\/wp-json\/wp\/v2\/comments?post=4181"}],"wp:featuredmedia":[{"embeddable":true,"href":"https:\/\/www.esculturasanjose.com\/en\/wp-json\/wp\/v2\/media\/4183"}],"wp:attachment":[{"href":"https:\/\/www.esculturasanjose.com\/en\/wp-json\/wp\/v2\/media?parent=4181"}],"wp:term":[{"taxonomy":"product_cat","embeddable":true,"href":"https:\/\/www.esculturasanjose.com\/en\/wp-json\/wp\/v2\/product_cat?post=4181"},{"taxonomy":"product_tag","embeddable":true,"href":"https:\/\/www.esculturasanjose.com\/en\/wp-json\/wp\/v2\/product_tag?post=4181"}],"curies":[{"name":"wp","href":"https:\/\/api.w.org\/{rel}","templated":true}]}}